{"id":51,"date":"2025-12-02T14:43:42","date_gmt":"2025-12-02T14:43:42","guid":{"rendered":"https:\/\/www.holikos.com\/?page_id=51"},"modified":"2026-03-09T13:41:28","modified_gmt":"2026-03-09T13:41:28","slug":"realisations","status":"publish","type":"page","link":"https:\/\/www.holikos.com\/index.php\/realisations\/","title":{"rendered":"R\u00e9alisations"},"content":{"rendered":"\n<div class=\"wp-block-columns is-layout-flex wp-container-core-columns-is-layout-07b7b7eb wp-block-columns-is-layout-flex\" style=\"padding-top:0;padding-right:0;padding-bottom:0;padding-left:0\">\n<div class=\"wp-block-column is-layout-flow wp-block-column-is-layout-flow\" style=\"flex-basis:33.33%\"><\/div>\n\n\n\n<div class=\"wp-block-column is-layout-flow wp-block-column-is-layout-flow\" style=\"flex-basis:100%\">\n<div class=\"wp-block-group alignwide is-content-justification-center is-nowrap is-layout-flex wp-container-core-group-is-layout-4f2aa9c3 wp-block-group-is-layout-flex\" style=\"margin-top:0;margin-bottom:0;padding-top:0;padding-right:0;padding-bottom:0;padding-left:0\"><div class=\"wp-block-site-logo\"><a href=\"https:\/\/www.holikos.com\/\" class=\"custom-logo-link\" rel=\"home\"><img loading=\"lazy\" decoding=\"async\" width=\"219\" height=\"89\" src=\"https:\/\/www.holikos.com\/wp-content\/uploads\/2025\/12\/Logp-HC-2026-bandeau-scaled-313x128.jpg\" class=\"custom-logo\" alt=\"Holikos Communication\" srcset=\"https:\/\/www.holikos.com\/wp-content\/uploads\/2025\/12\/Logp-HC-2026-bandeau-scaled.jpg 2560w, https:\/\/www.holikos.com\/wp-content\/uploads\/2025\/12\/Logp-HC-2026-bandeau-scaled-300x122.jpg 300w, https:\/\/www.holikos.com\/wp-content\/uploads\/2025\/12\/Logp-HC-2026-bandeau-scaled-1024x418.jpg 1024w, https:\/\/www.holikos.com\/wp-content\/uploads\/2025\/12\/Logp-HC-2026-bandeau-scaled-768x313.jpg 768w, https:\/\/www.holikos.com\/wp-content\/uploads\/2025\/12\/Logp-HC-2026-bandeau-scaled-1536x626.jpg 1536w, https:\/\/www.holikos.com\/wp-content\/uploads\/2025\/12\/Logp-HC-2026-bandeau-scaled-2048x835.jpg 2048w, https:\/\/www.holikos.com\/wp-content\/uploads\/2025\/12\/Logp-HC-2026-bandeau-scaled-313x128.jpg 313w\" sizes=\"auto, (max-width: 219px) 100vw, 219px\" \/><\/a><\/div>\n\n\n<div class=\"wp-block-group is-nowrap is-layout-flex wp-container-core-group-is-layout-6c531013 wp-block-group-is-layout-flex\"><\/div>\n\n\n\n<div style=\"height:100px;width:0px\" aria-hidden=\"true\" class=\"wp-block-spacer wp-container-content-6388d5dc\"><\/div>\n<\/div>\n<\/div>\n\n\n\n<div class=\"wp-block-column is-layout-flow wp-container-core-column-is-layout-c603e055 wp-block-column-is-layout-flow\" style=\"padding-top:var(--wp--preset--spacing--60);padding-right:var(--wp--preset--spacing--40);padding-bottom:var(--wp--preset--spacing--60);padding-left:var(--wp--preset--spacing--40);font-size:52px;flex-basis:100%\"><nav style=\"font-size:17px;\" class=\"items-justified-right wp-block-navigation is-content-justification-right is-layout-flex wp-container-core-navigation-is-layout-9efa89a0 wp-block-navigation-is-layout-flex\" aria-label=\"Navigation\"><ul style=\"font-size:17px;\" class=\"wp-block-navigation__container items-justified-right wp-block-navigation\"><li data-wp-context=\"{ &quot;submenuOpenedBy&quot;: { &quot;click&quot;: false, &quot;hover&quot;: false, &quot;focus&quot;: false }, &quot;type&quot;: &quot;submenu&quot;, &quot;modal&quot;: null, &quot;previousFocus&quot;: null }\" data-wp-interactive=\"core\/navigation\" data-wp-on--focusout=\"actions.handleMenuFocusout\" data-wp-on--keydown=\"actions.handleMenuKeydown\" data-wp-on--mouseenter=\"actions.openMenuOnHover\" data-wp-on--mouseleave=\"actions.closeMenuOnHover\" data-wp-watch=\"callbacks.initMenu\" tabindex=\"-1\" style=\"font-size: 17px;\" class=\"wp-block-navigation-item has-child open-on-hover-click wp-block-navigation-submenu\"><a class=\"wp-block-navigation-item__content\" href=\"http:\/\/www.holikos.com\/index.php\/prestations\/\"><span class=\"wp-block-navigation-item__label\">Prestations<\/span><\/a><button data-wp-bind--aria-expanded=\"state.isMenuOpen\" data-wp-on--click=\"actions.toggleMenuOnClick\" aria-label=\"Sous-menu Prestations\" class=\"wp-block-navigation__submenu-icon wp-block-navigation-submenu__toggle\" ><svg xmlns=\"http:\/\/www.w3.org\/2000\/svg\" width=\"12\" height=\"12\" viewBox=\"0 0 12 12\" fill=\"none\" aria-hidden=\"true\" focusable=\"false\"><path d=\"M1.50002 4L6.00002 8L10.5 4\" stroke-width=\"1.5\"><\/path><\/svg><\/button><ul data-wp-on--focus=\"actions.openMenuOnFocus\" class=\"wp-block-navigation__submenu-container wp-block-navigation-submenu\"><li style=\"font-size: 17px;\" class=\" wp-block-navigation-item wp-block-navigation-link\"><a class=\"wp-block-navigation-item__content\"  href=\"https:\/\/www.holikos.com\/index.php\/prestations\/communication-accessible\/\"><span class=\"wp-block-navigation-item__label\">La communication accessible<\/span><\/a><\/li><li style=\"font-size: 17px;\" class=\" wp-block-navigation-item wp-block-navigation-link\"><a class=\"wp-block-navigation-item__content\"  href=\"https:\/\/www.holikos.com\/index.php\/prestations\/la-conception-universelle\/\"><span class=\"wp-block-navigation-item__label\">La conception universelle<\/span><\/a><\/li><li style=\"font-size: 17px;\" class=\" wp-block-navigation-item wp-block-navigation-link\"><a class=\"wp-block-navigation-item__content\"  href=\"https:\/\/www.holikos.com\/index.php\/prestations\/rgaa-accessibilite-numerique\/\"><span class=\"wp-block-navigation-item__label\">Le RGAA et l\u2019accessibilit\u00e9 num\u00e9rique<\/span><\/a><\/li><\/ul><\/li><li style=\"font-size: 17px;\" class=\" wp-block-navigation-item wp-block-navigation-link\"><a class=\"wp-block-navigation-item__content\"  href=\"http:\/\/www.holikos.com\/index.php\/realisations\/\"><span class=\"wp-block-navigation-item__label\">R\u00e9alisations<\/span><\/a><\/li><li style=\"font-size: 17px;\" class=\" wp-block-navigation-item wp-block-navigation-link\"><a class=\"wp-block-navigation-item__content\"  href=\"http:\/\/www.holikos.com\/index.php\/contact\/\"><span class=\"wp-block-navigation-item__label\">Contact<\/span><\/a><\/li><\/ul><\/nav><\/div>\n\n\n\n<div class=\"wp-block-column is-layout-flow wp-block-column-is-layout-flow\" style=\"flex-basis:100%\"><\/div>\n<\/div>\n\n\n\n<hr class=\"wp-block-separator has-alpha-channel-opacity is-style-wide\"\/>\n\n\n\n<div class=\"wp-block-group alignfull has-global-color-7-background-color has-background is-layout-constrained wp-container-core-group-is-layout-e8046333 wp-block-group-is-layout-constrained\" style=\"margin-top:0;margin-bottom:0;padding-top:9vh;padding-right:var(--wp--preset--spacing--30);padding-bottom:var(--wp--preset--spacing--20);padding-left:var(--wp--preset--spacing--30)\">\n<div class=\"wp-block-columns alignwide are-vertically-aligned-center is-layout-flex wp-container-core-columns-is-layout-14cf5ab5 wp-block-columns-is-layout-flex\">\n<div class=\"wp-block-column is-vertically-aligned-center center-mobile is-layout-flow wp-container-core-column-is-layout-c82275d0 wp-block-column-is-layout-flow\" style=\"padding-top:0;padding-right:var(--wp--preset--spacing--60);padding-bottom:0;padding-left:var(--wp--preset--spacing--30);flex-basis:62%\">\n<h1 class=\"wp-block-heading is-style-default\">Nos r\u00e9alisations<\/h1>\n\n\n\n<p>Holikos Communication a d\u00e9j\u00e0 r\u00e9alis\u00e9 des prestations de communication au profit de certains acteurs priv\u00e9s et publics.<\/p>\n\n\n\n<div class=\"wp-block-buttons center-mobile is-layout-flex wp-block-buttons-is-layout-flex\" style=\"margin-top:var(--wp--preset--spacing--50)\">\n<div class=\"wp-block-button is-style-default\"><a class=\"wp-block-button__link has-ast-global-color-4-color has-text-color has-background has-link-color has-border-color has-global-color-1-border-color has-text-align-left wp-element-button\" href=\"http:\/\/www.holikos.com\/index.php\/realisations\/\" style=\"border-width:1px;background-color:#ba5d00\">Voir nos r\u00e9alisations<\/a><\/div>\n<\/div>\n<\/div>\n<\/div>\n\n\n\n<div class=\"wp-block-uagb-advanced-heading uagb-block-7cbd3303\"><h2 class=\"uagb-heading-text\">Communication<\/h2><\/div>\n\n\n\n<p><\/p>\n<\/div>\n\n\n\n<div class=\"wp-block-uagb-container uagb-block-d2bb0071 alignfull uagb-is-root-container\"><div class=\"uagb-container-inner-blocks-wrap\">\n<div class=\"wp-block-uagb-container uagb-block-ba95d179\">\n<figure class=\"wp-block-image aligncenter size-full\"><img loading=\"lazy\" decoding=\"async\" width=\"500\" height=\"191\" src=\"https:\/\/www.holikos.com\/wp-content\/uploads\/2025\/12\/nouveau-logo-2018-Accessitour.png\" alt=\"\" class=\"wp-image-1045\" srcset=\"https:\/\/www.holikos.com\/wp-content\/uploads\/2025\/12\/nouveau-logo-2018-Accessitour.png 500w, https:\/\/www.holikos.com\/wp-content\/uploads\/2025\/12\/nouveau-logo-2018-Accessitour-300x115.png 300w, https:\/\/www.holikos.com\/wp-content\/uploads\/2025\/12\/nouveau-logo-2018-Accessitour-230x88.png 230w, https:\/\/www.holikos.com\/wp-content\/uploads\/2025\/12\/nouveau-logo-2018-Accessitour-350x134.png 350w, https:\/\/www.holikos.com\/wp-content\/uploads\/2025\/12\/nouveau-logo-2018-Accessitour-480x183.png 480w\" sizes=\"auto, (max-width: 500px) 100vw, 500px\" \/><figcaption class=\"wp-element-caption\"><strong><a href=\"https:\/\/accessitour.odoo.com\/\" data-type=\"link\" data-id=\"https:\/\/accessitour.odoo.com\/\" target=\"_blank\" rel=\"noreferrer noopener\">Gestion Site web<\/a><\/strong><\/figcaption><\/figure>\n<\/div>\n\n\n\n<div class=\"wp-block-uagb-container uagb-block-40e07766\">\n<figure class=\"wp-block-image aligncenter size-full\"><img loading=\"lazy\" decoding=\"async\" width=\"2560\" height=\"1039\" src=\"https:\/\/www.holikos.com\/wp-content\/uploads\/2025\/12\/Logo-Destination-2023-bandeau-1-scaled.jpeg\" alt=\"\" class=\"wp-image-1261\" srcset=\"https:\/\/www.holikos.com\/wp-content\/uploads\/2025\/12\/Logo-Destination-2023-bandeau-1-scaled.jpeg 2560w, https:\/\/www.holikos.com\/wp-content\/uploads\/2025\/12\/Logo-Destination-2023-bandeau-1-300x122.jpeg 300w, https:\/\/www.holikos.com\/wp-content\/uploads\/2025\/12\/Logo-Destination-2023-bandeau-1-1024x416.jpeg 1024w, https:\/\/www.holikos.com\/wp-content\/uploads\/2025\/12\/Logo-Destination-2023-bandeau-1-768x312.jpeg 768w, https:\/\/www.holikos.com\/wp-content\/uploads\/2025\/12\/Logo-Destination-2023-bandeau-1-1536x624.jpeg 1536w, https:\/\/www.holikos.com\/wp-content\/uploads\/2025\/12\/Logo-Destination-2023-bandeau-1-2048x832.jpeg 2048w, https:\/\/www.holikos.com\/wp-content\/uploads\/2025\/12\/Logo-Destination-2023-bandeau-1-1000x406.jpeg 1000w, https:\/\/www.holikos.com\/wp-content\/uploads\/2025\/12\/Logo-Destination-2023-bandeau-1-230x93.jpeg 230w, https:\/\/www.holikos.com\/wp-content\/uploads\/2025\/12\/Logo-Destination-2023-bandeau-1-350x142.jpeg 350w, https:\/\/www.holikos.com\/wp-content\/uploads\/2025\/12\/Logo-Destination-2023-bandeau-1-480x195.jpeg 480w\" sizes=\"auto, (max-width: 2560px) 100vw, 2560px\" \/><figcaption class=\"wp-element-caption\"><strong><a href=\"https:\/\/www.quimperle-lesrias.bzh\" data-type=\"link\" data-id=\"https:\/\/www.quimperle-lesrias.bzh\" target=\"_blank\" rel=\"noreferrer noopener\">Cr\u00e9ation graphique, Site web<\/a><\/strong><\/figcaption><\/figure>\n<\/div>\n\n\n\n<div class=\"wp-block-uagb-container uagb-block-fbe648dc\">\n<figure class=\"wp-block-image aligncenter size-full\"><img loading=\"lazy\" decoding=\"async\" width=\"2560\" height=\"1204\" src=\"https:\/\/www.holikos.com\/wp-content\/uploads\/2026\/03\/logo-udpk-scaled.jpg\" alt=\"\" class=\"wp-image-1815\" srcset=\"https:\/\/www.holikos.com\/wp-content\/uploads\/2026\/03\/logo-udpk-scaled.jpg 2560w, https:\/\/www.holikos.com\/wp-content\/uploads\/2026\/03\/logo-udpk-300x141.jpg 300w, https:\/\/www.holikos.com\/wp-content\/uploads\/2026\/03\/logo-udpk-1024x482.jpg 1024w, https:\/\/www.holikos.com\/wp-content\/uploads\/2026\/03\/logo-udpk-768x361.jpg 768w, https:\/\/www.holikos.com\/wp-content\/uploads\/2026\/03\/logo-udpk-1536x722.jpg 1536w, https:\/\/www.holikos.com\/wp-content\/uploads\/2026\/03\/logo-udpk-2048x963.jpg 2048w\" sizes=\"auto, (max-width: 2560px) 100vw, 2560px\" \/><figcaption class=\"wp-element-caption\"><strong><a href=\"https:\/\/www.facebook.com\/uniondesprosdekloar\/?locale=fr_FR\" target=\"_blank\" rel=\"noreferrer noopener\">Cr\u00e9ation graphique d&#8217;une carte<\/a><\/strong><\/figcaption><\/figure>\n<\/div>\n\n\n\n<div class=\"wp-block-uagb-advanced-heading uagb-block-2b0f17d5\"><h2 class=\"uagb-heading-text\">Formations<\/h2><\/div>\n<\/div><\/div>\n\n\n\n<div class=\"wp-block-uagb-container uagb-block-a0668b39 alignfull uagb-is-root-container\"><div class=\"uagb-container-inner-blocks-wrap\">\n<div class=\"wp-block-uagb-container uagb-layout-grid uagb-block-98ad21e1\">\n<figure class=\"wp-block-image aligncenter size-full\"><img loading=\"lazy\" decoding=\"async\" width=\"1731\" height=\"712\" src=\"https:\/\/www.holikos.com\/wp-content\/uploads\/2026\/03\/logo-Cite-fondation.jpg\" alt=\"\" class=\"wp-image-1821\" srcset=\"https:\/\/www.holikos.com\/wp-content\/uploads\/2026\/03\/logo-Cite-fondation.jpg 1731w, https:\/\/www.holikos.com\/wp-content\/uploads\/2026\/03\/logo-Cite-fondation-300x123.jpg 300w, https:\/\/www.holikos.com\/wp-content\/uploads\/2026\/03\/logo-Cite-fondation-1024x421.jpg 1024w, https:\/\/www.holikos.com\/wp-content\/uploads\/2026\/03\/logo-Cite-fondation-768x316.jpg 768w, https:\/\/www.holikos.com\/wp-content\/uploads\/2026\/03\/logo-Cite-fondation-1536x632.jpg 1536w\" sizes=\"auto, (max-width: 1731px) 100vw, 1731px\" \/><figcaption class=\"wp-element-caption\"><strong><a href=\"https:\/\/www.cite-telecoms.com\/\" data-type=\"link\" data-id=\"https:\/\/www.cite-telecoms.com\/\" target=\"_blank\" rel=\"noreferrer noopener\">Formation Communication accessible<\/a><\/strong><\/figcaption><\/figure>\n<\/div>\n\n\n\n<div class=\"wp-block-uagb-container uagb-layout-grid uagb-block-998ae410\"><\/div>\n\n\n\n<div class=\"wp-block-uagb-container uagb-layout-grid uagb-block-ea618676\"><\/div>\n<\/div><\/div>\n\n\n\n<div class=\"wp-block-group alignfull center-mobile has-background is-layout-constrained wp-container-core-group-is-layout-83710dc7 wp-block-group-is-layout-constrained\" style=\"border-bottom-color:#FFFFFF1A;border-bottom-width:1px;background-color:#ba5d00;margin-top:0;margin-bottom:0;padding-top:var(--wp--preset--spacing--40);padding-right:var(--wp--preset--spacing--30);padding-bottom:var(--wp--preset--spacing--40);padding-left:var(--wp--preset--spacing--30)\">\n<div class=\"wp-block-columns alignwide are-vertically-aligned-center is-layout-flex wp-container-core-columns-is-layout-31eed3e2 wp-block-columns-is-layout-flex\" style=\"padding-top:0;padding-right:var(--wp--preset--spacing--50);padding-bottom:0;padding-left:var(--wp--preset--spacing--50)\">\n<div class=\"wp-block-column is-vertically-aligned-center is-layout-flow wp-block-column-is-layout-flow\" style=\"flex-basis:50%\">\n<h2 class=\"wp-block-heading has-text-color\" style=\"color:#FFFFFF\">Vous avez un projet de communication ? N&#8217;h\u00e9sitez pas \u00e0 nous contacter !<\/h2>\n<\/div>\n\n\n\n<div class=\"wp-block-column is-vertically-aligned-center is-layout-flow wp-block-column-is-layout-flow\" style=\"flex-basis:50%\">\n<div class=\"wp-block-buttons center-mobile is-content-justification-right is-layout-flex wp-container-core-buttons-is-layout-d445cf74 wp-block-buttons-is-layout-flex\">\n<div class=\"wp-block-button is-style-default\"><a class=\"wp-block-button__link has-ast-global-color-4-background-color has-text-color has-background has-link-color has-border-color has-global-color-1-border-color has-text-align-right wp-element-button\" href=\"https:\/\/www.holikos.com\/index.php\/contact\/\" style=\"border-width:1px;color:#ba5d00\">Contactez-nous !<\/a><\/div>\n<\/div>\n<\/div>\n<\/div>\n<\/div>\n\n\n\n<div class=\"wp-block-columns has-ast-global-color-7-background-color has-background is-layout-flex wp-container-core-columns-is-layout-28f84493 wp-block-columns-is-layout-flex\">\n<div class=\"wp-block-column is-layout-flow wp-block-column-is-layout-flow\">\n<figure class=\"wp-block-image size-full is-resized\"><img loading=\"lazy\" decoding=\"async\" width=\"512\" height=\"512\" src=\"https:\/\/www.holikos.com\/wp-content\/uploads\/2025\/12\/cropped-Logp-HC-2026-scaled-1.jpg\" alt=\"\" class=\"wp-image-21\" style=\"width:169px;height:auto\" srcset=\"https:\/\/www.holikos.com\/wp-content\/uploads\/2025\/12\/cropped-Logp-HC-2026-scaled-1.jpg 512w, https:\/\/www.holikos.com\/wp-content\/uploads\/2025\/12\/cropped-Logp-HC-2026-scaled-1-300x300.jpg 300w, https:\/\/www.holikos.com\/wp-content\/uploads\/2025\/12\/cropped-Logp-HC-2026-scaled-1-150x150.jpg 150w, https:\/\/www.holikos.com\/wp-content\/uploads\/2025\/12\/cropped-Logp-HC-2026-scaled-1-230x230.jpg 230w, https:\/\/www.holikos.com\/wp-content\/uploads\/2025\/12\/cropped-Logp-HC-2026-scaled-1-350x350.jpg 350w, https:\/\/www.holikos.com\/wp-content\/uploads\/2025\/12\/cropped-Logp-HC-2026-scaled-1-480x480.jpg 480w, https:\/\/www.holikos.com\/wp-content\/uploads\/2025\/12\/cropped-Logp-HC-2026-scaled-1-216x216.jpg 216w, https:\/\/www.holikos.com\/wp-content\/uploads\/2025\/12\/cropped-Logp-HC-2026-scaled-1-270x270.jpg 270w, https:\/\/www.holikos.com\/wp-content\/uploads\/2025\/12\/cropped-Logp-HC-2026-scaled-1-192x192.jpg 192w, https:\/\/www.holikos.com\/wp-content\/uploads\/2025\/12\/cropped-Logp-HC-2026-scaled-1-180x180.jpg 180w, https:\/\/www.holikos.com\/wp-content\/uploads\/2025\/12\/cropped-Logp-HC-2026-scaled-1-32x32.jpg 32w\" sizes=\"auto, (max-width: 512px) 100vw, 512px\" \/><\/figure>\n<\/div>\n\n\n\n<div class=\"wp-block-column is-layout-flow wp-block-column-is-layout-flow\">\n<p>Holikos Communication<br>5, Beg Ch\u00e2tel<br>29340 Riec-sur-B\u00e9lon<br>T\u00e9l. : 06 77 59 47 91<br><a href=\"mailto:contact@holikos.com\">contact@holikos.<\/a><a href=\"mailto:contact@holikos.com\" target=\"_blank\" rel=\"noreferrer noopener\">com<\/a><br><a href=\"https:\/\/www.linkedin.com\/company\/holikos-communication\" data-type=\"link\" data-id=\"https:\/\/www.linkedin.com\/company\/holikos-communication\" target=\"_blank\" rel=\"noreferrer noopener\"><\/a><a href=\"https:\/\/www.linkedin.com\/company\/holikos-communication\" data-type=\"link\" data-id=\"https:\/\/www.linkedin.com\/company\/holikos-communication\" target=\"_blank\" rel=\"noreferrer noopener\">Linkedin Holikos<\/a><\/p>\n<\/div>\n\n\n\n<div class=\"wp-block-column is-layout-flow wp-block-column-is-layout-flow\">\n<p><a href=\"https:\/\/www.holikos.com\/\" data-type=\"page\" data-id=\"741\">L&#8217;agence Holikos<\/a><br><a href=\"https:\/\/www.holikos.com\/index.php\/prestations\/\" data-type=\"page\" data-id=\"1100\">Nos prestations<\/a><br><a href=\"https:\/\/www.holikos.com\/index.php\/realisations\/\" data-type=\"page\" data-id=\"51\">Nos r\u00e9alisations<\/a><br><a href=\"https:\/\/www.holikos.com\/index.php\/contact\/\" data-type=\"page\" data-id=\"63\">Contactez-nous<\/a><br><a href=\"https:\/\/www.holikos.com\/index.php\/1155-2\/\" data-type=\"page\" data-id=\"1155\">Mentions l\u00e9gales<\/a><br><a href=\"https:\/\/www.holikos.com\/index.php\/1146-2\/\" data-type=\"page\" data-id=\"1146\">Conditions g\u00e9n\u00e9rales de vente<\/a><\/p>\n<\/div>\n<\/div>\n\n\n\n<p>\u00a9 2026 Holikos Communication. Tous droits r\u00e9serv\u00e9s.<\/p>\n\n\n\n<p><\/p>\n","protected":false},"excerpt":{"rendered":"<p>Nos r\u00e9alisations Holikos Communication a d\u00e9j\u00e0 r\u00e9alis\u00e9 des prestations de communication au profit de certains acteurs priv\u00e9s et publics. Communication [&hellip;]<\/p>\n","protected":false},"author":1,"featured_media":0,"parent":0,"menu_order":0,"comment_status":"closed","ping_status":"closed","template":"","meta":{"_uag_custom_page_level_css":"","site-sidebar-layout":"default","site-content-layout":"","ast-site-content-layout":"default","site-content-style":"default","site-sidebar-style":"default","ast-global-header-display":"","ast-banner-title-visibility":"","ast-main-header-display":"","ast-hfb-above-header-display":"","ast-hfb-below-header-display":"","ast-hfb-mobile-header-display":"","site-post-title":"disabled","ast-breadcrumbs-content":"","ast-featured-img":"","footer-sml-layout":"","ast-disable-related-posts":"","theme-transparent-header-meta":"","adv-header-id-meta":"","stick-header-meta":"","header-above-stick-meta":"","header-main-stick-meta":"","header-below-stick-meta":"","astra-migrate-meta-layouts":"default","ast-page-background-enabled":"default","ast-page-background-meta":{"desktop":{"background-color":"var(--ast-global-color-5)","background-image":"","background-repeat":"repeat","background-position":"center center","background-size":"auto","background-attachment":"scroll","background-type":"","background-media":"","overlay-type":"","overlay-color":"","overlay-opacity":"","overlay-gradient":""},"tablet":{"background-color":"","background-image":"","background-repeat":"repeat","background-position":"center center","background-size":"auto","background-attachment":"scroll","background-type":"","background-media":"","overlay-type":"","overlay-color":"","overlay-opacity":"","overlay-gradient":""},"mobile":{"background-color":"","background-image":"","background-repeat":"repeat","background-position":"center center","background-size":"auto","background-attachment":"scroll","background-type":"","background-media":"","overlay-type":"","overlay-color":"","overlay-opacity":"","overlay-gradient":""}},"ast-content-background-meta":{"desktop":{"background-color":"var(--ast-global-color-4)","background-image":"","background-repeat":"repeat","background-position":"center center","background-size":"auto","background-attachment":"scroll","background-type":"","background-media":"","overlay-type":"","overlay-color":"","overlay-opacity":"","overlay-gradient":""},"tablet":{"background-color":"var(--ast-global-color-4)","background-image":"","background-repeat":"repeat","background-position":"center center","background-size":"auto","background-attachment":"scroll","background-type":"","background-media":"","overlay-type":"","overlay-color":"","overlay-opacity":"","overlay-gradient":""},"mobile":{"background-color":"var(--ast-global-color-4)","background-image":"","background-repeat":"repeat","background-position":"center center","background-size":"auto","background-attachment":"scroll","background-type":"","background-media":"","overlay-type":"","overlay-color":"","overlay-opacity":"","overlay-gradient":""}},"footnotes":""},"class_list":["post-51","page","type-page","status-publish","hentry"],"uagb_featured_image_src":{"full":false,"thumbnail":false,"medium":false,"medium_large":false,"large":false,"1536x1536":false,"2048x2048":false},"uagb_author_info":{"display_name":"admin3842","author_link":"https:\/\/www.holikos.com\/index.php\/author\/admin3842\/"},"uagb_comment_info":0,"uagb_excerpt":"Nos r\u00e9alisations Holikos Communication a d\u00e9j\u00e0 r\u00e9alis\u00e9 des prestations de communication au profit de certains acteurs priv\u00e9s et publics. Communication [&hellip;]","_links":{"self":[{"href":"https:\/\/www.holikos.com\/index.php\/wp-json\/wp\/v2\/pages\/51","targetHints":{"allow":["GET"]}}],"collection":[{"href":"https:\/\/www.holikos.com\/index.php\/wp-json\/wp\/v2\/pages"}],"about":[{"href":"https:\/\/www.holikos.com\/index.php\/wp-json\/wp\/v2\/types\/page"}],"author":[{"embeddable":true,"href":"https:\/\/www.holikos.com\/index.php\/wp-json\/wp\/v2\/users\/1"}],"replies":[{"embeddable":true,"href":"https:\/\/www.holikos.com\/index.php\/wp-json\/wp\/v2\/comments?post=51"}],"version-history":[{"count":46,"href":"https:\/\/www.holikos.com\/index.php\/wp-json\/wp\/v2\/pages\/51\/revisions"}],"predecessor-version":[{"id":1885,"href":"https:\/\/www.holikos.com\/index.php\/wp-json\/wp\/v2\/pages\/51\/revisions\/1885"}],"wp:attachment":[{"href":"https:\/\/www.holikos.com\/index.php\/wp-json\/wp\/v2\/media?parent=51"}],"curies":[{"name":"wp","href":"https:\/\/api.w.org\/{rel}","templated":true}]}}