{"id":55,"date":"2026-02-04T20:49:09","date_gmt":"2026-02-04T20:49:09","guid":{"rendered":"https:\/\/www.holikos.com\/?page_id=55"},"modified":"2026-03-09T13:41:07","modified_gmt":"2026-03-09T13:41:07","slug":"communication-accessible","status":"publish","type":"page","link":"https:\/\/www.holikos.com\/index.php\/prestations\/communication-accessible\/","title":{"rendered":"La communication accessible"},"content":{"rendered":"\n<div class=\"wp-block-columns is-layout-flex wp-container-core-columns-is-layout-07b7b7eb wp-block-columns-is-layout-flex\" style=\"padding-top:0;padding-right:0;padding-bottom:0;padding-left:0\">\n<div class=\"wp-block-column is-layout-flow wp-block-column-is-layout-flow\" style=\"flex-basis:33.33%\"><\/div>\n\n\n\n<div class=\"wp-block-column is-layout-flow wp-block-column-is-layout-flow\" style=\"flex-basis:100%\">\n<div class=\"wp-block-group alignwide is-content-justification-center is-nowrap is-layout-flex wp-container-core-group-is-layout-4f2aa9c3 wp-block-group-is-layout-flex\" style=\"margin-top:0;margin-bottom:0;padding-top:0;padding-right:0;padding-bottom:0;padding-left:0\"><div class=\"wp-block-site-logo\"><a href=\"https:\/\/www.holikos.com\/\" class=\"custom-logo-link\" rel=\"home\"><img loading=\"lazy\" decoding=\"async\" width=\"219\" height=\"89\" src=\"https:\/\/www.holikos.com\/wp-content\/uploads\/2025\/12\/Logp-HC-2026-bandeau-scaled-313x128.jpg\" class=\"custom-logo\" alt=\"Holikos Communication\" srcset=\"https:\/\/www.holikos.com\/wp-content\/uploads\/2025\/12\/Logp-HC-2026-bandeau-scaled.jpg 2560w, https:\/\/www.holikos.com\/wp-content\/uploads\/2025\/12\/Logp-HC-2026-bandeau-scaled-300x122.jpg 300w, https:\/\/www.holikos.com\/wp-content\/uploads\/2025\/12\/Logp-HC-2026-bandeau-scaled-1024x418.jpg 1024w, https:\/\/www.holikos.com\/wp-content\/uploads\/2025\/12\/Logp-HC-2026-bandeau-scaled-768x313.jpg 768w, https:\/\/www.holikos.com\/wp-content\/uploads\/2025\/12\/Logp-HC-2026-bandeau-scaled-1536x626.jpg 1536w, https:\/\/www.holikos.com\/wp-content\/uploads\/2025\/12\/Logp-HC-2026-bandeau-scaled-2048x835.jpg 2048w, https:\/\/www.holikos.com\/wp-content\/uploads\/2025\/12\/Logp-HC-2026-bandeau-scaled-313x128.jpg 313w\" sizes=\"auto, (max-width: 219px) 100vw, 219px\" \/><\/a><\/div>\n\n\n<div class=\"wp-block-group is-nowrap is-layout-flex wp-container-core-group-is-layout-6c531013 wp-block-group-is-layout-flex\"><\/div>\n\n\n\n<div style=\"height:100px;width:0px\" aria-hidden=\"true\" class=\"wp-block-spacer wp-container-content-6388d5dc\"><\/div>\n<\/div>\n<\/div>\n\n\n\n<div class=\"wp-block-column is-layout-flow wp-container-core-column-is-layout-c603e055 wp-block-column-is-layout-flow\" style=\"padding-top:var(--wp--preset--spacing--60);padding-right:var(--wp--preset--spacing--40);padding-bottom:var(--wp--preset--spacing--60);padding-left:var(--wp--preset--spacing--40);font-size:52px;flex-basis:100%\"><nav style=\"font-size:17px;\" class=\"items-justified-right wp-block-navigation is-content-justification-right is-layout-flex wp-container-core-navigation-is-layout-9efa89a0 wp-block-navigation-is-layout-flex\" aria-label=\"Navigation\"><ul style=\"font-size:17px;\" class=\"wp-block-navigation__container items-justified-right wp-block-navigation\"><li data-wp-context=\"{ &quot;submenuOpenedBy&quot;: { &quot;click&quot;: false, &quot;hover&quot;: false, &quot;focus&quot;: false }, &quot;type&quot;: &quot;submenu&quot;, &quot;modal&quot;: null, &quot;previousFocus&quot;: null }\" data-wp-interactive=\"core\/navigation\" data-wp-on--focusout=\"actions.handleMenuFocusout\" data-wp-on--keydown=\"actions.handleMenuKeydown\" data-wp-on--mouseenter=\"actions.openMenuOnHover\" data-wp-on--mouseleave=\"actions.closeMenuOnHover\" data-wp-watch=\"callbacks.initMenu\" tabindex=\"-1\" style=\"font-size: 17px;\" class=\"wp-block-navigation-item has-child open-on-hover-click wp-block-navigation-submenu\"><a class=\"wp-block-navigation-item__content\" href=\"http:\/\/www.holikos.com\/index.php\/prestations\/\"><span class=\"wp-block-navigation-item__label\">Prestations<\/span><\/a><button data-wp-bind--aria-expanded=\"state.isMenuOpen\" data-wp-on--click=\"actions.toggleMenuOnClick\" aria-label=\"Sous-menu Prestations\" class=\"wp-block-navigation__submenu-icon wp-block-navigation-submenu__toggle\" ><svg xmlns=\"http:\/\/www.w3.org\/2000\/svg\" width=\"12\" height=\"12\" viewBox=\"0 0 12 12\" fill=\"none\" aria-hidden=\"true\" focusable=\"false\"><path d=\"M1.50002 4L6.00002 8L10.5 4\" stroke-width=\"1.5\"><\/path><\/svg><\/button><ul data-wp-on--focus=\"actions.openMenuOnFocus\" class=\"wp-block-navigation__submenu-container wp-block-navigation-submenu\"><li style=\"font-size: 17px;\" class=\" wp-block-navigation-item wp-block-navigation-link\"><a class=\"wp-block-navigation-item__content\"  href=\"https:\/\/www.holikos.com\/index.php\/prestations\/communication-accessible\/\"><span class=\"wp-block-navigation-item__label\">La communication accessible<\/span><\/a><\/li><li style=\"font-size: 17px;\" class=\" wp-block-navigation-item wp-block-navigation-link\"><a class=\"wp-block-navigation-item__content\"  href=\"https:\/\/www.holikos.com\/index.php\/prestations\/la-conception-universelle\/\"><span class=\"wp-block-navigation-item__label\">La conception universelle<\/span><\/a><\/li><li style=\"font-size: 17px;\" class=\" wp-block-navigation-item wp-block-navigation-link\"><a class=\"wp-block-navigation-item__content\"  href=\"https:\/\/www.holikos.com\/index.php\/prestations\/rgaa-accessibilite-numerique\/\"><span class=\"wp-block-navigation-item__label\">Le RGAA et l\u2019accessibilit\u00e9 num\u00e9rique<\/span><\/a><\/li><\/ul><\/li><li style=\"font-size: 17px;\" class=\" wp-block-navigation-item wp-block-navigation-link\"><a class=\"wp-block-navigation-item__content\"  href=\"http:\/\/www.holikos.com\/index.php\/realisations\/\"><span class=\"wp-block-navigation-item__label\">R\u00e9alisations<\/span><\/a><\/li><li style=\"font-size: 17px;\" class=\" wp-block-navigation-item wp-block-navigation-link\"><a class=\"wp-block-navigation-item__content\"  href=\"http:\/\/www.holikos.com\/index.php\/contact\/\"><span class=\"wp-block-navigation-item__label\">Contact<\/span><\/a><\/li><\/ul><\/nav><\/div>\n\n\n\n<div class=\"wp-block-column is-layout-flow wp-block-column-is-layout-flow\" style=\"flex-basis:100%\"><\/div>\n<\/div>\n\n\n\n<hr class=\"wp-block-separator has-alpha-channel-opacity is-style-wide\"\/>\n\n\n\n<div class=\"wp-block-group alignfull has-global-color-7-background-color has-background is-layout-constrained wp-container-core-group-is-layout-5c50b138 wp-block-group-is-layout-constrained\" style=\"margin-top:0;margin-bottom:0;padding-top:0vh;padding-right:var(--wp--preset--spacing--30);padding-bottom:var(--wp--preset--spacing--20);padding-left:var(--wp--preset--spacing--30)\">\n<div class=\"wp-block-columns alignwide are-vertically-aligned-center is-layout-flex wp-container-core-columns-is-layout-14cf5ab5 wp-block-columns-is-layout-flex\">\n<div class=\"wp-block-column is-vertically-aligned-center center-mobile is-layout-flow wp-container-core-column-is-layout-4898df37 wp-block-column-is-layout-flow\" style=\"padding-top:var(--wp--preset--spacing--40);padding-right:var(--wp--preset--spacing--60);padding-bottom:var(--wp--preset--spacing--40);padding-left:var(--wp--preset--spacing--30);flex-basis:100%\">\n<h1 class=\"wp-block-heading is-style-default\">La communication accessible<\/h1>\n\n\n\n<p>Communiquer de mani\u00e8re accessible, c&#8217;est donner l&#8217;acc\u00e8s \u00e0 l&#8217;information \u00e0 tous, du moins au plus grand nombre. Le handicap est souvent un frein \u00e0 cet acc\u00e8s, l&#8217;accessibilit\u00e9 des contenus et des supports doit ainsi pallier \u00e0 ces manques. Bien conna\u00eetre les utilisateurs, quels que soient leurs handicap, est primordial pour r\u00e9pondre au mieux \u00e0 leurs besoins.<\/p>\n<\/div>\n<\/div>\n<\/div>\n\n\n\n<div class=\"wp-block-group alignfull has-global-color-4-background-color has-background is-layout-flow wp-block-group-is-layout-flow\" style=\"margin-top:0;margin-bottom:0;padding-top:0vh;padding-right:var(--wp--preset--spacing--30);padding-bottom:var(--wp--preset--spacing--40);padding-left:var(--wp--preset--spacing--30)\">\n<div class=\"wp-block-columns is-layout-flex wp-container-core-columns-is-layout-28f84493 wp-block-columns-is-layout-flex\">\n<div class=\"wp-block-column is-layout-flow wp-block-column-is-layout-flow\" style=\"padding-top:var(--wp--preset--spacing--40);padding-right:var(--wp--preset--spacing--70);padding-bottom:var(--wp--preset--spacing--40);padding-left:var(--wp--preset--spacing--70);flex-basis:100%\">\n<h2 class=\"wp-block-heading has-text-align-left is-style-default\">Comment rendre ses informations accessibles ?<\/h2>\n\n\n\n<p class=\"has-text-align-left has-global-color-2-color has-text-color\">L&#8217;acc\u00e8s \u00e0 l&#8217;information est de plus en plus facilit\u00e9 par le num\u00e9rique. Cependant, de nombreuses personnes ont encore des difficult\u00e9s \u00e0 y acc\u00e9der, rendant leur autonomie et leur vie sociale toujours compliqu\u00e9es.<\/p>\n\n\n\n<p class=\"has-text-align-left has-global-color-2-color has-text-color\">Rendre ses informations accessibles, c&#8217;est : <\/p>\n\n\n\n<ul class=\"wp-block-list\">\n<li>Mettre \u00e0 disposition des informations claires<\/li>\n\n\n\n<li>Transmettre les valeurs d&#8217;inclusion<\/li>\n\n\n\n<li>Toucher un public tr\u00e8s large<\/li>\n<\/ul>\n<\/div>\n<\/div>\n\n\n\n<div class=\"wp-block-columns is-layout-flex wp-container-core-columns-is-layout-28f84493 wp-block-columns-is-layout-flex\">\n<div class=\"wp-block-column is-layout-flow wp-block-column-is-layout-flow\" style=\"padding-top:var(--wp--preset--spacing--40);padding-right:var(--wp--preset--spacing--70);padding-bottom:var(--wp--preset--spacing--40);padding-left:var(--wp--preset--spacing--70);flex-basis:100%\">\n<h2 class=\"wp-block-heading has-text-align-left is-style-default\">Qu&#8217;est-ce que la communication accessible ?<\/h2>\n\n\n\n<p class=\"has-text-align-left has-global-color-2-color has-text-color\"><\/p>\n<\/div>\n<\/div>\n\n\n\n<div data-wp-context=\"{ &quot;autoclose&quot;: false, &quot;accordionItems&quot;: [] }\" data-wp-interactive=\"core\/accordion\" role=\"group\" class=\"wp-block-accordion is-layout-flow wp-block-accordion-is-layout-flow\">\n<div data-wp-class--is-open=\"state.isOpen\" data-wp-context=\"{ &quot;id&quot;: &quot;accordion-item-1&quot;, &quot;openByDefault&quot;: false }\" data-wp-init=\"callbacks.initAccordionItems\" data-wp-on-window--hashchange=\"callbacks.hashChange\" class=\"wp-block-accordion-item is-layout-flow wp-block-accordion-item-is-layout-flow\">\n<h3 class=\"wp-block-accordion-heading\" style=\"font-size:23px\"><button aria-expanded=\"false\" aria-controls=\"accordion-item-1-panel\" data-wp-bind--aria-expanded=\"state.isOpen\" data-wp-on--click=\"actions.toggle\" data-wp-on--keydown=\"actions.handleKeyDown\" id=\"accordion-item-1\" type=\"button\" class=\"wp-block-accordion-heading__toggle\" style=\"padding-right:var(--wp--preset--spacing--60);padding-left:var(--wp--preset--spacing--60)\"><span class=\"wp-block-accordion-heading__toggle-title\">D\u00e9couvrez nos offres pour d\u00e9velopper votre communication accessible<\/span><span class=\"wp-block-accordion-heading__toggle-icon\" aria-hidden=\"true\">+<\/span><\/button><\/h3>\n\n\n\n<div inert aria-labelledby=\"accordion-item-1\" data-wp-bind--inert=\"!state.isOpen\" id=\"accordion-item-1-panel\" role=\"region\" class=\"wp-block-accordion-panel is-layout-flow wp-block-accordion-panel-is-layout-flow\">\n<ul class=\"wp-block-list\">\n<li>Conception de documents accessibles<\/li>\n\n\n\n<li>Conseil et accompagnement pour avoir les bonnes pratiques<\/li>\n\n\n\n<li>Formation \u00e0 la communication accessible<\/li>\n<\/ul>\n<\/div>\n<\/div>\n<\/div>\n<\/div>\n\n\n\n<div class=\"wp-block-group alignfull center-mobile has-background is-layout-constrained wp-container-core-group-is-layout-83710dc7 wp-block-group-is-layout-constrained\" style=\"border-bottom-color:#FFFFFF1A;border-bottom-width:1px;background-color:#ba5d00;margin-top:0;margin-bottom:0;padding-top:var(--wp--preset--spacing--40);padding-right:var(--wp--preset--spacing--30);padding-bottom:var(--wp--preset--spacing--40);padding-left:var(--wp--preset--spacing--30)\">\n<div class=\"wp-block-columns alignwide are-vertically-aligned-center is-layout-flex wp-container-core-columns-is-layout-31eed3e2 wp-block-columns-is-layout-flex\" style=\"padding-top:0;padding-right:var(--wp--preset--spacing--50);padding-bottom:0;padding-left:var(--wp--preset--spacing--50)\">\n<div class=\"wp-block-column is-vertically-aligned-center is-layout-flow wp-block-column-is-layout-flow\" style=\"flex-basis:50%\">\n<h2 class=\"wp-block-heading has-text-color\" style=\"color:#FFFFFF\">Vous avez un projet de communication ? N&#8217;h\u00e9sitez pas \u00e0 nous contacter !<\/h2>\n<\/div>\n\n\n\n<div class=\"wp-block-column is-vertically-aligned-center is-layout-flow wp-block-column-is-layout-flow\" style=\"flex-basis:50%\">\n<div class=\"wp-block-buttons center-mobile is-content-justification-right is-layout-flex wp-container-core-buttons-is-layout-d445cf74 wp-block-buttons-is-layout-flex\">\n<div class=\"wp-block-button is-style-default\"><a class=\"wp-block-button__link has-ast-global-color-4-background-color has-text-color has-background has-link-color has-border-color has-global-color-1-border-color has-text-align-right wp-element-button\" href=\"https:\/\/www.holikos.com\/index.php\/contact\/\" style=\"border-width:1px;color:#ba5d00\">Contactez-nous !<\/a><\/div>\n<\/div>\n<\/div>\n<\/div>\n<\/div>\n\n\n\n<p><\/p>\n\n\n\n<hr class=\"wp-block-separator has-alpha-channel-opacity\"\/>\n\n\n\n<div class=\"wp-block-columns has-ast-global-color-7-background-color has-background is-layout-flex wp-container-core-columns-is-layout-28f84493 wp-block-columns-is-layout-flex\">\n<div class=\"wp-block-column is-layout-flow wp-block-column-is-layout-flow\">\n<p>Holikos Communication<br>5, Beg Ch\u00e2tel<br>29340 Riec-sur-B\u00e9lon<br>T\u00e9l. : 06 77 59 47 91<br><a href=\"mailto:contact@holikos.com\">contact@holikos.<\/a><a href=\"mailto:contact@holikos.com\" target=\"_blank\" rel=\"noreferrer noopener\">com<\/a><br><a href=\"https:\/\/www.linkedin.com\/company\/holikos-communication\" data-type=\"link\" data-id=\"https:\/\/www.linkedin.com\/company\/holikos-communication\" target=\"_blank\" rel=\"noreferrer noopener\">Linkedin Holikos<\/a><\/p>\n<\/div>\n\n\n\n<div class=\"wp-block-column is-layout-flow wp-block-column-is-layout-flow\">\n<p><a href=\"https:\/\/www.holikos.com\/\" data-type=\"page\" data-id=\"741\">L&#8217;agence Holikos<\/a><br><a href=\"https:\/\/www.holikos.com\/index.php\/prestations\/\" data-type=\"page\" data-id=\"1100\">Nos prestations<\/a><br><a href=\"https:\/\/www.holikos.com\/index.php\/realisations\/\" data-type=\"page\" data-id=\"51\">Nos r\u00e9alisations<\/a><br><a href=\"https:\/\/www.holikos.com\/index.php\/contact\/\" data-type=\"page\" data-id=\"63\">Contactez-nous<\/a><br><a href=\"https:\/\/www.holikos.com\/index.php\/1155-2\/\" data-type=\"page\" data-id=\"1155\">Mentions l\u00e9gales<\/a><br><a href=\"https:\/\/www.holikos.com\/index.php\/1146-2\/\" data-type=\"page\" data-id=\"1146\">Conditions g\u00e9n\u00e9rales de vente<\/a><\/p>\n<\/div>\n<\/div>\n\n\n\n<p>\u00a9 2025 Holikos Communication. Tous droits r\u00e9serv\u00e9s.<\/p>\n","protected":false},"excerpt":{"rendered":"<p>La communication accessible Communiquer de mani\u00e8re accessible, c&#8217;est donner l&#8217;acc\u00e8s \u00e0 l&#8217;information \u00e0 tous, du moins au plus grand nombre. [&hellip;]<\/p>\n","protected":false},"author":1,"featured_media":0,"parent":1100,"menu_order":0,"comment_status":"closed","ping_status":"closed","template":"","meta":{"_uag_custom_page_level_css":"","site-sidebar-layout":"default","site-content-layout":"","ast-site-content-layout":"default","site-content-style":"default","site-sidebar-style":"default","ast-global-header-display":"","ast-banner-title-visibility":"","ast-main-header-display":"","ast-hfb-above-header-display":"","ast-hfb-below-header-display":"","ast-hfb-mobile-header-display":"","site-post-title":"disabled","ast-breadcrumbs-content":"","ast-featured-img":"","footer-sml-layout":"","ast-disable-related-posts":"","theme-transparent-header-meta":"","adv-header-id-meta":"","stick-header-meta":"","header-above-stick-meta":"","header-main-stick-meta":"","header-below-stick-meta":"","astra-migrate-meta-layouts":"default","ast-page-background-enabled":"default","ast-page-background-meta":{"desktop":{"background-color":"var(--ast-global-color-5)","background-image":"","background-repeat":"repeat","background-position":"center center","background-size":"auto","background-attachment":"scroll","background-type":"","background-media":"","overlay-type":"","overlay-color":"","overlay-opacity":"","overlay-gradient":""},"tablet":{"background-color":"","background-image":"","background-repeat":"repeat","background-position":"center center","background-size":"auto","background-attachment":"scroll","background-type":"","background-media":"","overlay-type":"","overlay-color":"","overlay-opacity":"","overlay-gradient":""},"mobile":{"background-color":"","background-image":"","background-repeat":"repeat","background-position":"center center","background-size":"auto","background-attachment":"scroll","background-type":"","background-media":"","overlay-type":"","overlay-color":"","overlay-opacity":"","overlay-gradient":""}},"ast-content-background-meta":{"desktop":{"background-color":"var(--ast-global-color-4)","background-image":"","background-repeat":"repeat","background-position":"center center","background-size":"auto","background-attachment":"scroll","background-type":"","background-media":"","overlay-type":"","overlay-color":"","overlay-opacity":"","overlay-gradient":""},"tablet":{"background-color":"var(--ast-global-color-4)","background-image":"","background-repeat":"repeat","background-position":"center center","background-size":"auto","background-attachment":"scroll","background-type":"","background-media":"","overlay-type":"","overlay-color":"","overlay-opacity":"","overlay-gradient":""},"mobile":{"background-color":"var(--ast-global-color-4)","background-image":"","background-repeat":"repeat","background-position":"center center","background-size":"auto","background-attachment":"scroll","background-type":"","background-media":"","overlay-type":"","overlay-color":"","overlay-opacity":"","overlay-gradient":""}},"footnotes":""},"class_list":["post-55","page","type-page","status-publish","hentry"],"uagb_featured_image_src":{"full":false,"thumbnail":false,"medium":false,"medium_large":false,"large":false,"1536x1536":false,"2048x2048":false},"uagb_author_info":{"display_name":"admin3842","author_link":"https:\/\/www.holikos.com\/index.php\/author\/admin3842\/"},"uagb_comment_info":0,"uagb_excerpt":"La communication accessible Communiquer de mani\u00e8re accessible, c&#8217;est donner l&#8217;acc\u00e8s \u00e0 l&#8217;information \u00e0 tous, du moins au plus grand nombre. [&hellip;]","_links":{"self":[{"href":"https:\/\/www.holikos.com\/index.php\/wp-json\/wp\/v2\/pages\/55","targetHints":{"allow":["GET"]}}],"collection":[{"href":"https:\/\/www.holikos.com\/index.php\/wp-json\/wp\/v2\/pages"}],"about":[{"href":"https:\/\/www.holikos.com\/index.php\/wp-json\/wp\/v2\/types\/page"}],"author":[{"embeddable":true,"href":"https:\/\/www.holikos.com\/index.php\/wp-json\/wp\/v2\/users\/1"}],"replies":[{"embeddable":true,"href":"https:\/\/www.holikos.com\/index.php\/wp-json\/wp\/v2\/comments?post=55"}],"version-history":[{"count":20,"href":"https:\/\/www.holikos.com\/index.php\/wp-json\/wp\/v2\/pages\/55\/revisions"}],"predecessor-version":[{"id":1890,"href":"https:\/\/www.holikos.com\/index.php\/wp-json\/wp\/v2\/pages\/55\/revisions\/1890"}],"up":[{"embeddable":true,"href":"https:\/\/www.holikos.com\/index.php\/wp-json\/wp\/v2\/pages\/1100"}],"wp:attachment":[{"href":"https:\/\/www.holikos.com\/index.php\/wp-json\/wp\/v2\/media?parent=55"}],"curies":[{"name":"wp","href":"https:\/\/api.w.org\/{rel}","templated":true}]}}